{"id":14,"date":"2014-10-14T07:47:29","date_gmt":"2014-10-14T04:47:29","guid":{"rendered":"http:\/\/goynucek1noluasm.com\/?page_id=14"},"modified":"2014-10-14T07:47:29","modified_gmt":"2014-10-14T04:47:29","slug":"aile-hekiminin-tanimi","status":"publish","type":"page","link":"https:\/\/www.suluova5noluasm.com.tr\/?page_id=14","title":{"rendered":"Aile Hekiminin Tan\u0131m\u0131"},"content":{"rendered":"<h1>Aile Hekiminin Tan\u0131m\u0131<\/h1>\n<p>Bireylerin ve aile fertlerinin ikamet yerlerinin yak\u0131nlar\u0131nda ya da kolayl\u0131kla ula\u015fabilecekleri bir yerde bulunan, ilk ba\u015fvuracaklar\u0131, ki\u015fiye y\u00f6nelik koruyucu sa\u011fl\u0131k hizmetleri ile birinci basamak te\u015fhis,\u00a0\u00a0tedavi ve\u00a0rehabilite\u00a0edici sa\u011fl\u0131k hizmetlerini, ya\u015f, cinsiyet ve hastal\u0131k ayr\u0131m\u0131 yapmaks\u0131z\u0131n, her ki\u015fiye kapsaml\u0131 ve devaml\u0131 olarak vermekle y\u00fck\u00fcml\u00fc, gerekti\u011fi \u00f6l\u00e7\u00fcde gezici sa\u011fl\u0131k hizmeti veren\u00a0ve tam g\u00fcn esas\u0131na g\u00f6re \u00e7al\u0131\u015fan aile hekimli\u011fi uzman\u0131 veya Bakanl\u0131\u011f\u0131n \u00f6ng\u00f6rd\u00fc\u011f\u00fc e\u011fitimleri alan uzman tabip veya tabipleridir.<\/p>\n<p><strong>Aile hekiminin g\u00f6revleri<\/strong>:<\/p>\n<p>1) Ki\u015fiye y\u00f6nelik koruyucu sa\u011fl\u0131k hizmetleri ile birinci basamak tan\u0131, tedavi, rehabilitasyon ve dan\u0131\u015fmanl\u0131k hizmetlerini vermek,<\/p>\n<p>2) Aile hekimi, kendisine kay\u0131tl\u0131 ki\u015fileri bir b\u00fct\u00fcn olarak ele al\u0131p, ki\u015fiye y\u00f6nelik koruyucu, tedavi ve\u00a0rehabilite\u00a0edici sa\u011fl\u0131k hizmetlerini sunmak,<\/p>\n<p>3) Sa\u011fl\u0131kla ilgili olarak kay\u0131tl\u0131 ki\u015filere rehberlik yapar, sa\u011fl\u0131\u011f\u0131 geli\u015ftirici ve koruyucu hizmetler ile ana \u00e7ocuk sa\u011fl\u0131\u011f\u0131 ve aile planlamas\u0131 hizmetlerini vermek,<\/p>\n<p>4) Kendisine kay\u0131tl\u0131 ki\u015filerin ilk de\u011ferlendirmesini yapmak i\u00e7in alt\u0131 ay i\u00e7inde ev ziyaretinde bulunup veya ki\u015filer ile ileti\u015fime ge\u00e7mek,<\/p>\n<p>5) Kay\u0131tl\u0131 ki\u015filerin ya\u015f, cinsiyet ve hastal\u0131k gruplar\u0131na y\u00f6nelik izlem ve taramalar\u0131 (kanser, kronik hastal\u0131klar, gebe, lo\u011fusa, yenido\u011fan, bebek, \u00e7ocuk sa\u011fl\u0131\u011f\u0131, ad\u00f6lesan, eri\u015fkin, ya\u015fl\u0131 sa\u011fl\u0131\u011f\u0131 ve benzeri) yapmak,<\/p>\n<p>6) Periyodik sa\u011fl\u0131k muayenesi yapmak,<\/p>\n<p>7) Tetkik hizmetlerinin verilmesini sa\u011flamak\u00a0\u00a0ya da bu hizmetleri vermek,<\/p>\n<p>8) Kendisine kay\u0131tl\u0131 ki\u015fileri y\u0131lda en az bir defa de\u011ferlendirerek sa\u011fl\u0131k kay\u0131tlar\u0131n\u0131 g\u00fcncellemek.<\/p>\n<p>9) Evde takibi zorunlu olan \u00f6z\u00fcrl\u00fc, ya\u015fl\u0131, yatalak ve benzeri durumdaki kendisine kay\u0131tl\u0131 ki\u015filere evde veya gezici\/yerinde sa\u011fl\u0131k hizmetlerinin y\u00fcr\u00fct\u00fclmesi s\u0131ras\u0131nda ki\u015fiye y\u00f6nelik koruyucu sa\u011fl\u0131k hizmetleri ile birinci basamak tan\u0131, tedavi, rehabilitasyon ve dan\u0131\u015fmanl\u0131k hizmetlerini vermek,<\/p>\n<p>10) Aile sa\u011fl\u0131\u011f\u0131 merkezi \u015fartlar\u0131nda tan\u0131 veya tedavisi yap\u0131lamayan hastalar\u0131 sevk etmek, sevk edilen hastalar\u0131n geri bildirimi yap\u0131lan muayene, tetkik, tan\u0131, tedavi ve yat\u0131\u015f bilgilerini de\u011ferlendirmek, ikinci ve \u00fc\u00e7\u00fcnc\u00fc basamak tedavi ve rehabilitasyon hizmetleri ile evde bak\u0131m hizmetlerinin koordinasyonunu sa\u011flamak,<\/p>\n<p>11) Gerekti\u011finde hastay\u0131 g\u00f6zlem alt\u0131na alarak tetkik ve tedavisini yapmak,<\/p>\n<p>12) Entegre sa\u011fl\u0131k hizmetinin sunuldu\u011fu merkezlerde gerekti\u011finde hastay\u0131 g\u00f6zlem ama\u00e7l\u0131 yat\u0131rarak tetkik ve tedavisini yapar,<\/p>\n<p>13) Aile sa\u011fl\u0131\u011f\u0131 merkezini y\u00f6netmek, birlikte \u00e7al\u0131\u015ft\u0131\u011f\u0131 ekibi denetlemek ve hizmet i\u00e7i e\u011fitimlerini sa\u011flamak<\/p>\n<p>14) \u0130lgili mevzuatta birinci basamak sa\u011fl\u0131k kurulu\u015flar\u0131 ve resmi tabiplerce ki\u015fiye y\u00f6nelik d\u00fczenlenmesi \u00f6ng\u00f6r\u00fclen her t\u00fcrl\u00fc sa\u011fl\u0131k raporu, sevk evrak\u0131, re\u00e7ete ve sair belgeleri d\u00fczenlemektir.<\/p>\n","protected":false},"excerpt":{"rendered":"<p>Aile Hekiminin Tan\u0131m\u0131 Bireylerin ve aile fertlerinin ikamet yerlerinin yak\u0131nlar\u0131nda ya da kolayl\u0131kla ula\u015fabilecekleri bir yerde bulunan, ilk ba\u015fvuracaklar\u0131, ki\u015fiye y\u00f6nelik koruyucu sa\u011fl\u0131k hizmetleri ile birinci basamak te\u015fhis,\u00a0\u00a0tedavi ve\u00a0rehabilite\u00a0edici sa\u011fl\u0131k hizmetlerini, ya\u015f, cinsiyet ve hastal\u0131k ayr\u0131m\u0131 yapmaks\u0131z\u0131n, her ki\u015fiye kapsaml\u0131 ve devaml\u0131 olarak vermekle y\u00fck\u00fcml\u00fc, gerekti\u011fi \u00f6l\u00e7\u00fcde gezici sa\u011fl\u0131k hizmeti veren\u00a0ve tam g\u00fcn esas\u0131na g\u00f6re [&hellip;]<\/p>\n","protected":false},"author":1,"featured_media":0,"parent":10,"menu_order":0,"comment_status":"closed","ping_status":"closed","template":"","meta":{"footnotes":""},"class_list":["post-14","page","type-page","status-publish","hentry"],"_links":{"self":[{"href":"https:\/\/www.suluova5noluasm.com.tr\/index.php?rest_route=\/wp\/v2\/pages\/14","targetHints":{"allow":["GET"]}}],"collection":[{"href":"https:\/\/www.suluova5noluasm.com.tr\/index.php?rest_route=\/wp\/v2\/pages"}],"about":[{"href":"https:\/\/www.suluova5noluasm.com.tr\/index.php?rest_route=\/wp\/v2\/types\/page"}],"author":[{"embeddable":true,"href":"https:\/\/www.suluova5noluasm.com.tr\/index.php?rest_route=\/wp\/v2\/users\/1"}],"replies":[{"embeddable":true,"href":"https:\/\/www.suluova5noluasm.com.tr\/index.php?rest_route=%2Fwp%2Fv2%2Fcomments&post=14"}],"version-history":[{"count":1,"href":"https:\/\/www.suluova5noluasm.com.tr\/index.php?rest_route=\/wp\/v2\/pages\/14\/revisions"}],"predecessor-version":[{"id":15,"href":"https:\/\/www.suluova5noluasm.com.tr\/index.php?rest_route=\/wp\/v2\/pages\/14\/revisions\/15"}],"up":[{"embeddable":true,"href":"https:\/\/www.suluova5noluasm.com.tr\/index.php?rest_route=\/wp\/v2\/pages\/10"}],"wp:attachment":[{"href":"https:\/\/www.suluova5noluasm.com.tr\/index.php?rest_route=%2Fwp%2Fv2%2Fmedia&parent=14"}],"curies":[{"name":"wp","href":"https:\/\/api.w.org\/{rel}","templated":true}]}}