{"id":26,"date":"2017-09-14T07:50:15","date_gmt":"2017-09-14T04:50:15","guid":{"rendered":"http:\/\/goynucek1noluasm.com\/?page_id=26"},"modified":"2026-04-17T09:54:57","modified_gmt":"2026-04-17T06:54:57","slug":"dr-aylin-yilmaz","status":"publish","type":"page","link":"https:\/\/www.suluova5noluasm.com.tr\/?page_id=26","title":{"rendered":"Dr. Ahmet KIRAN"},"content":{"rendered":"<p style=\"text-align: center;\"><strong><a href=\"http:\/\/ipekkoyasm.com\/wp-content\/uploads\/2014\/04\/cengizakin.jpg\">\u00a0<\/a><\/strong><\/p>\n<p style=\"text-align: center;\"><strong>Dr. Ahmet KIRAN<\/strong><\/p>\n<p style=\"text-align: center;\">Hem. Hande ONUR<\/p>\n<p style=\"text-align: center;\">\u00c7al\u0131\u015fma Plan\u0131<\/p>\n<p style=\"text-align: center;\">Pazartesi 08:00 &amp; 12:00 &#8211; 13:00 &amp; 17:00<br \/>\nSal\u0131 08:00 &amp; 13:00 &#8211; 13:00 &amp; 14:00<br \/>\n\u00c7ar\u015famba 08:00 &amp; 12:00 &#8211; 13:00 &amp; 15:00 (Huzurevi Yerinde Sa\u011fl\u0131k Hizmeti)<br \/>\nPer\u015fembe 08:00 &amp; 12:00 &#8211; 13:00 &amp; 19:00<br \/>\nCuma 08:00 &amp; 12:00 &#8211; 13:00 &amp; 17:00<\/p>\n<p style=\"text-align: center;\"><strong>0 505 025 30 99<\/strong><\/p>\n<p>&nbsp;<\/p>\n","protected":false},"excerpt":{"rendered":"<p>\u00a0 Dr. Ahmet KIRAN Hem. Hande ONUR \u00c7al\u0131\u015fma Plan\u0131 Pazartesi 08:00 &amp; 12:00 &#8211; 13:00 &amp; 17:00 Sal\u0131 08:00 &amp; 13:00 &#8211; 13:00 &amp; 14:00 \u00c7ar\u015famba 08:00 &amp; 12:00 &#8211; 13:00 &amp; 15:00 (Huzurevi Yerinde Sa\u011fl\u0131k Hizmeti) Per\u015fembe 08:00 &amp; 12:00 &#8211; 13:00 &amp; 19:00 Cuma 08:00 &amp; 12:00 &#8211; 13:00 &amp; 17:00 0 505 [&hellip;]<\/p>\n","protected":false},"author":1,"featured_media":0,"parent":0,"menu_order":0,"comment_status":"closed","ping_status":"closed","template":"","meta":{"footnotes":""},"class_list":["post-26","page","type-page","status-publish","hentry"],"_links":{"self":[{"href":"https:\/\/www.suluova5noluasm.com.tr\/index.php?rest_route=\/wp\/v2\/pages\/26","targetHints":{"allow":["GET"]}}],"collection":[{"href":"https:\/\/www.suluova5noluasm.com.tr\/index.php?rest_route=\/wp\/v2\/pages"}],"about":[{"href":"https:\/\/www.suluova5noluasm.com.tr\/index.php?rest_route=\/wp\/v2\/types\/page"}],"author":[{"embeddable":true,"href":"https:\/\/www.suluova5noluasm.com.tr\/index.php?rest_route=\/wp\/v2\/users\/1"}],"replies":[{"embeddable":true,"href":"https:\/\/www.suluova5noluasm.com.tr\/index.php?rest_route=%2Fwp%2Fv2%2Fcomments&post=26"}],"version-history":[{"count":11,"href":"https:\/\/www.suluova5noluasm.com.tr\/index.php?rest_route=\/wp\/v2\/pages\/26\/revisions"}],"predecessor-version":[{"id":248,"href":"https:\/\/www.suluova5noluasm.com.tr\/index.php?rest_route=\/wp\/v2\/pages\/26\/revisions\/248"}],"wp:attachment":[{"href":"https:\/\/www.suluova5noluasm.com.tr\/index.php?rest_route=%2Fwp%2Fv2%2Fmedia&parent=26"}],"curies":[{"name":"wp","href":"https:\/\/api.w.org\/{rel}","templated":true}]}}