{"id":32,"date":"2014-10-14T07:51:21","date_gmt":"2014-10-14T04:51:21","guid":{"rendered":"http:\/\/goynucek1noluasm.com\/?page_id=32"},"modified":"2024-11-17T23:07:07","modified_gmt":"2024-11-17T20:07:07","slug":"iletisim","status":"publish","type":"page","link":"https:\/\/www.suluova5noluasm.com.tr\/?page_id=32","title":{"rendered":"\u0130leti\u015fim"},"content":{"rendered":"<p><strong>Suluova 5 Nolu Aile Sa\u011fl\u0131\u011f\u0131 Merkezi<br \/>\nAdres :<\/strong> Borsa Mah. Site Bulvar\u0131 No:9\u00a0 Suluova\/Amasya<br \/>\n<strong>Tel :<\/strong> 0 552 793 3905<\/p>\n<p>&nbsp;<\/p>\n","protected":false},"excerpt":{"rendered":"<p>Suluova 5 Nolu Aile Sa\u011fl\u0131\u011f\u0131 Merkezi Adres : Borsa Mah. Site Bulvar\u0131 No:9\u00a0 Suluova\/Amasya Tel : 0 552 793 3905 &nbsp;<\/p>\n","protected":false},"author":1,"featured_media":0,"parent":0,"menu_order":0,"comment_status":"closed","ping_status":"closed","template":"","meta":{"footnotes":""},"class_list":["post-32","page","type-page","status-publish","hentry"],"_links":{"self":[{"href":"https:\/\/www.suluova5noluasm.com.tr\/index.php?rest_route=\/wp\/v2\/pages\/32","targetHints":{"allow":["GET"]}}],"collection":[{"href":"https:\/\/www.suluova5noluasm.com.tr\/index.php?rest_route=\/wp\/v2\/pages"}],"about":[{"href":"https:\/\/www.suluova5noluasm.com.tr\/index.php?rest_route=\/wp\/v2\/types\/page"}],"author":[{"embeddable":true,"href":"https:\/\/www.suluova5noluasm.com.tr\/index.php?rest_route=\/wp\/v2\/users\/1"}],"replies":[{"embeddable":true,"href":"https:\/\/www.suluova5noluasm.com.tr\/index.php?rest_route=%2Fwp%2Fv2%2Fcomments&post=32"}],"version-history":[{"count":7,"href":"https:\/\/www.suluova5noluasm.com.tr\/index.php?rest_route=\/wp\/v2\/pages\/32\/revisions"}],"predecessor-version":[{"id":217,"href":"https:\/\/www.suluova5noluasm.com.tr\/index.php?rest_route=\/wp\/v2\/pages\/32\/revisions\/217"}],"wp:attachment":[{"href":"https:\/\/www.suluova5noluasm.com.tr\/index.php?rest_route=%2Fwp%2Fv2%2Fmedia&parent=32"}],"curies":[{"name":"wp","href":"https:\/\/api.w.org\/{rel}","templated":true}]}}