{"id":36,"date":"2014-10-14T07:51:56","date_gmt":"2014-10-14T04:51:56","guid":{"rendered":"http:\/\/goynucek1noluasm.com\/?page_id=36"},"modified":"2025-12-03T09:55:42","modified_gmt":"2025-12-03T06:55:42","slug":"saglik-elemanlari","status":"publish","type":"page","link":"https:\/\/www.suluova5noluasm.com.tr\/?page_id=36","title":{"rendered":"Sa\u011fl\u0131k Elemanlar\u0131"},"content":{"rendered":"<p>Hem. Hande ONUR<\/p>\n<p>Yrd. Sa\u011fl\u0131k Eleman\u0131 H\u00fclya SOLAK<\/p>\n<p>Hem. Canan Y\u0131ld\u0131z \u00c7ak\u0131l<\/p>\n","protected":false},"excerpt":{"rendered":"<p>Hem. Hande ONUR Yrd. Sa\u011fl\u0131k Eleman\u0131 H\u00fclya SOLAK Hem. Canan Y\u0131ld\u0131z \u00c7ak\u0131l<\/p>\n","protected":false},"author":1,"featured_media":0,"parent":0,"menu_order":0,"comment_status":"closed","ping_status":"closed","template":"","meta":{"footnotes":""},"class_list":["post-36","page","type-page","status-publish","hentry"],"_links":{"self":[{"href":"https:\/\/www.suluova5noluasm.com.tr\/index.php?rest_route=\/wp\/v2\/pages\/36","targetHints":{"allow":["GET"]}}],"collection":[{"href":"https:\/\/www.suluova5noluasm.com.tr\/index.php?rest_route=\/wp\/v2\/pages"}],"about":[{"href":"https:\/\/www.suluova5noluasm.com.tr\/index.php?rest_route=\/wp\/v2\/types\/page"}],"author":[{"embeddable":true,"href":"https:\/\/www.suluova5noluasm.com.tr\/index.php?rest_route=\/wp\/v2\/users\/1"}],"replies":[{"embeddable":true,"href":"https:\/\/www.suluova5noluasm.com.tr\/index.php?rest_route=%2Fwp%2Fv2%2Fcomments&post=36"}],"version-history":[{"count":5,"href":"https:\/\/www.suluova5noluasm.com.tr\/index.php?rest_route=\/wp\/v2\/pages\/36\/revisions"}],"predecessor-version":[{"id":245,"href":"https:\/\/www.suluova5noluasm.com.tr\/index.php?rest_route=\/wp\/v2\/pages\/36\/revisions\/245"}],"wp:attachment":[{"href":"https:\/\/www.suluova5noluasm.com.tr\/index.php?rest_route=%2Fwp%2Fv2%2Fmedia&parent=36"}],"curies":[{"name":"wp","href":"https:\/\/api.w.org\/{rel}","templated":true}]}}